{"id":119,"date":"2021-10-25T23:34:36","date_gmt":"2021-10-25T21:34:36","guid":{"rendered":"https:\/\/www.hollviksnashusen.se\/?page_id=119"},"modified":"2021-10-25T23:34:36","modified_gmt":"2021-10-25T21:34:36","slug":"cookie-policy","status":"publish","type":"page","link":"https:\/\/www.hollviksnashusen.se\/index.php\/cookie-policy\/","title":{"rendered":"Cookie policy"},"content":{"rendered":"<div class=\"cli_pg_page_contaner\">\n<div>\n<h4>Om denna cookiepolicy<\/h4>\n<p>Denna cookiepolicy f\u00f6rklarar vad cookies \u00e4r och hur vi anv\u00e4nder dem, vilka typer av cookies vi anv\u00e4nder, dvs den information vi samlar in med hj\u00e4lp av cookies och hur den informationen anv\u00e4nds, och hur man kontrollerar cookie-preferenserna. F\u00f6r mer information om hur vi anv\u00e4nder, lagrar och h\u00e5ller dina personuppgifter s\u00e4kra, se v\u00e5r sekretesspolicy.<\/p>\n<p>Du kan n\u00e4r som helst \u00e4ndra eller dra tillbaka ditt samtycke fr\u00e5n kakdeklarationen p\u00e5 v\u00e5r webbplats<br \/>\nL\u00e4s mer om vilka vi \u00e4r, hur du kan kontakta oss och hur vi behandlar personuppgifter i v\u00e5r sekretesspolicy.<br \/>\nDitt samtycke g\u00e4ller f\u00f6r f\u00f6ljande dom\u00e4ner: www.hollviksnashusen.se<br \/>\n<div class=\"cli_user_consent_state\">Aktuell status: Samtycke har inte givits. <a class=\"cli_manage_current_consent\" style=\"cursor:pointer;text-decoration:underline;\">Hantera ditt samtycke.<\/a> <\/div><\/p>\n<\/div>\n<h4>Vad \u00e4r cookies?<\/h4>\n<p>Cookies \u00e4r sm\u00e5 textfiler som anv\u00e4nds f\u00f6r att lagra sm\u00e5 bitar av information. De lagras p\u00e5 din enhet n\u00e4r webbplatsen laddas i din webbl\u00e4sare. Dessa cookies hj\u00e4lper oss att f\u00e5 webbplatsen att fungera korrekt, g\u00f6ra den s\u00e4krare, ge en b\u00e4ttre anv\u00e4ndarupplevelse och f\u00f6rst\u00e5 hur webbplatsen fungerar och att analysera vad som fungerar och var den beh\u00f6ver f\u00f6rb\u00e4ttras.<\/p>\n<h3>Hur anv\u00e4nder vi cookies?<\/h3>\n<div>\n<p>Eftersom de flesta onlinetj\u00e4nsterna anv\u00e4nder v\u00e5r webbplats cookies fr\u00e5n f\u00f6rsta part och tredje part f\u00f6r flera \u00e4ndam\u00e5l. F\u00f6rstapartscookies \u00e4r oftast n\u00f6dv\u00e4ndiga f\u00f6r att webbplatsen ska fungera p\u00e5 r\u00e4tt s\u00e4tt, och de samlar inte in n\u00e5gon av dina personligt identifierbara uppgifter.<\/p>\n<p>De tredjepartscookies som anv\u00e4nds p\u00e5 v\u00e5r webbplats \u00e4r huvudsakligen f\u00f6r att f\u00f6rst\u00e5 hur webbplatsen fungerar, hur du interagerar med v\u00e5r webbplats, h\u00e5lla v\u00e5ra tj\u00e4nster s\u00e4kra, tillhandah\u00e5lla annonser som \u00e4r relevanta f\u00f6r dig och f\u00f6r att ge dig en b\u00e4ttre och b\u00e4ttre anv\u00e4ndare erfarenhet och hj\u00e4lp att p\u00e5skynda dina framtida interaktioner med v\u00e5r webbplats.<\/p>\n<\/div>\n<h3>Vilka typer av cookies anv\u00e4nder vi?<\/h3>\n<div>\n<p>Viktigt: Vissa cookies \u00e4r viktiga f\u00f6r att du ska kunna uppleva den fulla funktionaliteten p\u00e5 v\u00e5r webbplats. De till\u00e5ter oss att underh\u00e5lla anv\u00e4ndarsessioner och f\u00f6rhindra s\u00e4kerhetshot. De samlar inte in eller lagrar n\u00e5gon personlig information. Till exempel till\u00e5ter dessa cookies dig att logga in p\u00e5 ditt konto och l\u00e4gga till produkter i din varukorg, och betala s\u00e4kert.<\/p>\n<p>Statistik: Dessa cookies lagrar information som antalet bes\u00f6kare p\u00e5 webbplatsen, antalet unika bes\u00f6kare, vilka sidor p\u00e5 webbplatsen som har bes\u00f6kts, k\u00e4llan till bes\u00f6ket, etc. Dessa data hj\u00e4lper oss att f\u00f6rst\u00e5 och analysera hur bra webbplatsen presterar och d\u00e4r det beh\u00f6ver f\u00f6rb\u00e4ttras.<\/p>\n<p>Marknadsf\u00f6ring: V\u00e5r webbplats visar annonser. Dessa cookies anv\u00e4nds f\u00f6r att anpassa annonserna som vi visar f\u00f6r dig s\u00e5 att de \u00e4r meningsfulla f\u00f6r dig. Dessa cookies hj\u00e4lper oss ocks\u00e5 att h\u00e5lla reda p\u00e5 effektiviteten i dessa annonskampanjer.<br \/>\nInformationen som lagras i dessa cookies kan ocks\u00e5 anv\u00e4ndas av tredje parts annonsleverant\u00f6rer f\u00f6r att visa dig annonser p\u00e5 andra webbplatser i webbl\u00e4saren.<\/p>\n<p>Funktionell: TDessa \u00e4r cookies som hj\u00e4lper vissa icke-n\u00f6dv\u00e4ndiga funktioner p\u00e5 v\u00e5r webbplats. Dessa funktioner inkluderar att b\u00e4dda in inneh\u00e5ll som videor eller dela inneh\u00e5ll p\u00e5 webbplatsen p\u00e5 sociala medieplattformar.<\/p>\n<p>Preferenser: Dessa cookies hj\u00e4lper oss att lagra dina inst\u00e4llningar och surfpreferenser som spr\u00e5kinst\u00e4llningar s\u00e5 att du f\u00e5r en b\u00e4ttre och effektiv upplevelse vid framtida bes\u00f6k p\u00e5 webbplatsen.<\/p>\n\n<\/div>\n<h3>Hur kan jag kontrollera cookie-inst\u00e4llningarna?<\/h3>\n<div>\n<p>Om du best\u00e4mmer dig f\u00f6r att \u00e4ndra dina inst\u00e4llningar senare genom din surfningssession kan du klicka p\u00e5 fliken &#8221;Sekretess och cookie -policy&#8221; p\u00e5 sk\u00e4rmen. Detta visar meddelandet om samtycke igen s\u00e5 att du kan \u00e4ndra dina inst\u00e4llningar eller \u00e5terkalla ditt samtycke helt.<\/p>\n<p>Ut\u00f6ver detta erbjuder olika webbl\u00e4sare olika metoder f\u00f6r att blockera och radera cookies som anv\u00e4nds av webbplatser. Du kan \u00e4ndra inst\u00e4llningarna i din webbl\u00e4sare f\u00f6r att blockera\/radera cookies. F\u00f6r att ta reda p\u00e5 mer om hur du hanterar och raderar cookies,<\/p>\n<p>visit wikipedia.org, www.allaboutcookies.org.<\/p>\n<\/div>\n<\/div>\n","protected":false},"excerpt":{"rendered":"<p>Om denna cookiepolicy Denna cookiepolicy f\u00f6rklarar vad cookies \u00e4r och hur vi anv\u00e4nder dem, vilka typer av cookies vi anv\u00e4nder, dvs den information vi samlar in med hj\u00e4lp av cookies och hur den informationen anv\u00e4nds, och hur man kontrollerar cookie-preferenserna. F\u00f6r mer information om hur vi anv\u00e4nder, lagrar och h\u00e5ller dina personuppgifter s\u00e4kra, se v\u00e5r &#8230; <a title=\"Cookie policy\" class=\"read-more\" href=\"https:\/\/www.hollviksnashusen.se\/index.php\/cookie-policy\/\" aria-label=\"L\u00e4s mer om Cookie policy\">L\u00e4s mer<\/a><\/p>\n","protected":false},"author":1,"featured_media":0,"parent":0,"menu_order":0,"comment_status":"closed","ping_status":"closed","template":"","meta":{"iawp_total_views":0,"footnotes":""},"class_list":["post-119","page","type-page","status-publish"],"_links":{"self":[{"href":"https:\/\/www.hollviksnashusen.se\/index.php\/wp-json\/wp\/v2\/pages\/119","targetHints":{"allow":["GET"]}}],"collection":[{"href":"https:\/\/www.hollviksnashusen.se\/index.php\/wp-json\/wp\/v2\/pages"}],"about":[{"href":"https:\/\/www.hollviksnashusen.se\/index.php\/wp-json\/wp\/v2\/types\/page"}],"author":[{"embeddable":true,"href":"https:\/\/www.hollviksnashusen.se\/index.php\/wp-json\/wp\/v2\/users\/1"}],"replies":[{"embeddable":true,"href":"https:\/\/www.hollviksnashusen.se\/index.php\/wp-json\/wp\/v2\/comments?post=119"}],"version-history":[{"count":0,"href":"https:\/\/www.hollviksnashusen.se\/index.php\/wp-json\/wp\/v2\/pages\/119\/revisions"}],"wp:attachment":[{"href":"https:\/\/www.hollviksnashusen.se\/index.php\/wp-json\/wp\/v2\/media?parent=119"}],"curies":[{"name":"wp","href":"https:\/\/api.w.org\/{rel}","templated":true}]}}