{"id":2234,"date":"2024-04-14T15:32:05","date_gmt":"2024-04-14T13:32:05","guid":{"rendered":"https:\/\/www.hollviksnashusen.se\/?page_id=2234"},"modified":"2025-06-22T14:10:25","modified_gmt":"2025-06-22T12:10:25","slug":"kallelse-till-foreningsstamma-for-brf-hollviksnashusen-2023","status":"publish","type":"page","link":"https:\/\/www.hollviksnashusen.se\/index.php\/kallelse-till-foreningsstamma-for-brf-hollviksnashusen-2023\/","title":{"rendered":"Kallelse till f\u00f6reningsst\u00e4mma f\u00f6r Brf H\u00f6llviksn\u00e4shusen 2023"},"content":{"rendered":"<div class=\"members-access-error\">Tyv\u00e4rr, men du har inte beh\u00f6righet att se det h\u00e4r inneh\u00e5llet, V\u00e4nligen logga in f\u00f6rst.<\/div>\n","protected":false},"excerpt":{"rendered":"<div class=\"members-access-error\">Tyv\u00e4rr, men du har inte beh\u00f6righet att se det h\u00e4r inneh\u00e5llet, V\u00e4nligen logga in f\u00f6rst.<\/div>\n","protected":false},"author":1,"featured_media":0,"parent":0,"menu_order":0,"comment_status":"closed","ping_status":"closed","template":"","meta":{"iawp_total_views":0,"footnotes":""},"class_list":["post-2234","page","type-page","status-publish"],"_links":{"self":[{"href":"https:\/\/www.hollviksnashusen.se\/index.php\/wp-json\/wp\/v2\/pages\/2234","targetHints":{"allow":["GET"]}}],"collection":[{"href":"https:\/\/www.hollviksnashusen.se\/index.php\/wp-json\/wp\/v2\/pages"}],"about":[{"href":"https:\/\/www.hollviksnashusen.se\/index.php\/wp-json\/wp\/v2\/types\/page"}],"author":[{"embeddable":true,"href":"https:\/\/www.hollviksnashusen.se\/index.php\/wp-json\/wp\/v2\/users\/1"}],"replies":[{"embeddable":true,"href":"https:\/\/www.hollviksnashusen.se\/index.php\/wp-json\/wp\/v2\/comments?post=2234"}],"version-history":[{"count":0,"href":"https:\/\/www.hollviksnashusen.se\/index.php\/wp-json\/wp\/v2\/pages\/2234\/revisions"}],"wp:attachment":[{"href":"https:\/\/www.hollviksnashusen.se\/index.php\/wp-json\/wp\/v2\/media?parent=2234"}],"curies":[{"name":"wp","href":"https:\/\/api.w.org\/{rel}","templated":true}]}}