{"id":326,"date":"2021-12-04T22:41:24","date_gmt":"2021-12-04T21:41:24","guid":{"rendered":"https:\/\/www.hollviksnashusen.se\/?page_id=326"},"modified":"2021-12-04T22:41:24","modified_gmt":"2021-12-04T21:41:24","slug":"bo-i-brf-hollviksnashusen","status":"publish","type":"page","link":"https:\/\/www.hollviksnashusen.se\/index.php\/bo-i-brf-hollviksnashusen\/","title":{"rendered":"Bo i Brf H\u00f6llviksn\u00e4shusen"},"content":{"rendered":"<div class=\"members-access-error\">Tyv\u00e4rr, men du har inte beh\u00f6righet att se det h\u00e4r inneh\u00e5llet, V\u00e4nligen logga in f\u00f6rst.<\/div>\n","protected":false},"excerpt":{"rendered":"<div class=\"members-access-error\">Tyv\u00e4rr, men du har inte beh\u00f6righet att se det h\u00e4r inneh\u00e5llet, V\u00e4nligen logga in f\u00f6rst.<\/div>\n","protected":false},"author":1,"featured_media":0,"parent":0,"menu_order":0,"comment_status":"closed","ping_status":"closed","template":"","meta":{"iawp_total_views":0,"footnotes":""},"class_list":["post-326","page","type-page","status-publish"],"_links":{"self":[{"href":"https:\/\/www.hollviksnashusen.se\/index.php\/wp-json\/wp\/v2\/pages\/326","targetHints":{"allow":["GET"]}}],"collection":[{"href":"https:\/\/www.hollviksnashusen.se\/index.php\/wp-json\/wp\/v2\/pages"}],"about":[{"href":"https:\/\/www.hollviksnashusen.se\/index.php\/wp-json\/wp\/v2\/types\/page"}],"author":[{"embeddable":true,"href":"https:\/\/www.hollviksnashusen.se\/index.php\/wp-json\/wp\/v2\/users\/1"}],"replies":[{"embeddable":true,"href":"https:\/\/www.hollviksnashusen.se\/index.php\/wp-json\/wp\/v2\/comments?post=326"}],"version-history":[{"count":0,"href":"https:\/\/www.hollviksnashusen.se\/index.php\/wp-json\/wp\/v2\/pages\/326\/revisions"}],"wp:attachment":[{"href":"https:\/\/www.hollviksnashusen.se\/index.php\/wp-json\/wp\/v2\/media?parent=326"}],"curies":[{"name":"wp","href":"https:\/\/api.w.org\/{rel}","templated":true}]}}