{"id":36,"date":"2021-09-30T00:08:52","date_gmt":"2021-09-29T22:08:52","guid":{"rendered":"https:\/\/www.hollviksnashusen.se\/?page_id=36"},"modified":"2025-08-24T13:55:28","modified_gmt":"2025-08-24T11:55:28","slug":"om-brf-hollviksnashusen","status":"publish","type":"page","link":"https:\/\/www.hollviksnashusen.se\/","title":{"rendered":"Om Brf H\u00f6llviksn\u00e4shusen"},"content":{"rendered":"<h2><strong>Fakta om f\u00f6reningen<\/strong><\/h2>\n<p><strong>BRF H\u00f6llviksn\u00e4shusen<\/strong> \u00e4r en\u00a0\u00e4kta bostadsr\u00e4ttsf\u00f6rening\u00a0i\u00a0H\u00f6llviken,\u00a0Vellinge\u00a0som \u00e4ger 1 fastighet\u00a0med\u00a011\u00a0bostadsr\u00e4ttsl\u00e4genheter\u00a0p\u00e5\u00a0adressen\u00a0R\u00e4lsv\u00e4gen 6.<\/p>\n<p data-start=\"144\" data-end=\"459\"><strong>Brf H\u00f6llviksn\u00e4shusen<\/strong> \u00e4r en v\u00e4lsk\u00f6tt bostadsr\u00e4ttsf\u00f6rening bel\u00e4gen i den natursk\u00f6na och popul\u00e4ra kommunen Vellinge, n\u00e4ra H\u00f6llviksn\u00e4s.<br \/>\nByggnaderna pr\u00e4glas av modern arkitektur och h\u00e5llbara materialval som s\u00e4kerst\u00e4ller b\u00e5de funktionalitet och estetik.<\/p>\n<p data-start=\"461\" data-end=\"866\">F\u00f6reningen har, genom sitt engagerade styrelsearbete och l\u00e5ngsiktiga planering, \u00e5stadkommit ett stabilt ekonomiskt fundament. En underh\u00e5llsplan f\u00f6r fastigheten har tagits fram, vilket s\u00e4kerst\u00e4ller att framtida renoveringar och investeringar kan genomf\u00f6ras p\u00e5 ett strukturerat s\u00e4tt. Underh\u00e5llsplanen str\u00e4cker sig \u00f6ver 50 \u00e5r och \u00e4r ett viktigt verktyg f\u00f6r att bibeh\u00e5lla och h\u00f6ja fastighetens v\u00e4rde \u00f6ver tid.<\/p>\n<p><a href=\"https:\/\/www.allabolag.se\/7696349427\/bostadsrattsforeningen-hollviksnashusen\">F\u00f6reningen \u00e4ger\u00a0fastigheten\u00a0VELLINGE H\u00d6LLVIKEN 8:70<\/a><\/p>\n<p>Org.nr: 769634-9427<\/p>\n<p>Bygg\u00e5r &#8211; 2019<\/p>\n<p>Antal bostadsr\u00e4tter &#8211; 11 st<\/p>\n<p>Boarea bostadsr\u00e4tt &#8211;\u00a0984 m\u00b2<\/p>\n<p>\u00c4kta f\u00f6rening &#8211; Ja<\/p>\n<p>Mark\u00e4gande &#8211;\u00a0Frik\u00f6pt<\/p>\n<p>Kontakt styrelsen: info (snabel-a) hollviksnashusen (punkt) se<\/p>\n<p><a href=\"https:\/\/www.hollviksnashusen.se\/wp-content\/uploads\/2021\/12\/Hollviksnashusen_broschyr.pdf\" target=\"_blank\" rel=\"noopener\">Brf H\u00f6llviksn\u00e4shusen_broschyr<\/a><\/p>\n<p>Lite olika bilder:<\/p>\n\t<style>\n\t#sr-slider-233 .sr-image {\n\t  margin: 5px;\n\t}\n\t#sr-slider-233 .sr-image img {\n\t  display: block;\n\t  width: 100%;\n\t  height: auto;\n\t}\n\t#sr-slider-233 .sr-title {\n\t\ttext-align: center;\n\t\tfont-weight: bolder;\n\t}\n\t#sr-slider-233 .sr-desc {\n\t\ttext-align: center;\n\t}\n\t#sr-slider-233 .sr-image .sr-link {\n\t\ttext-align: center;\n\t}\n\t\t<\/style>\n\t\t<!-- HTML Script Part Start From Here-->\n\t<script>\n\tjQuery(document).ready(function() {\n\t   jQuery(\"#sr-slider-233\").owlCarousel({ \n\t\t\t\/\/ Most important owl features\n\t\t\titems : 1,\n\n\t\t\t\/\/Basic Speeds\n\t\t\tslideSpeed : 200,\n\t\t\tpaginationSpeed : 200,\n\t\t\trewindSpeed : 400,\n\n\t\t\t\/\/Autoplay\n\t\t\tautoPlay : false,\n\t\t \n\t\t\t\/\/ Navigation\n\t\t\tnavigation : true,\n\t\t\tnavigationText : [\"Prev\",\"Next\"],\n\t\t\trewindNav : true,\n\t \n\t\t\t\/\/ Responsive \n\t\t\tresponsive: true,\n\t\t\tresponsiveRefreshRate : 200,\n\t\t\tresponsiveBaseWidth: window,\n\t\t \n\t\t\t\/\/ CSS Styles\n\t\t\tbaseClass : \"owl-carousel\",\n\t\t\ttheme : \"owl-theme\",\n\t\t \n\t\t\t\/\/Auto height\n\t\t\tautoHeight : true,\n\t\t \n\t\t\t\/\/Mouse Events\n\t\t\tdragBeforeAnimFinish : true,\n\t\t\tmouseDrag : true,\n\t\t\ttouchDrag : true,\n\t\t \n\t\t\t\/\/Transitions\n\t\t\ttransitionStyle : \"fade\",\n\t\t});\n\t});\n\t<\/script>\n\t\t\t<div id=\"sr-slider-233\">\n\t\t\t\t\t\t\t\t<div class=\"sr-image\">\n\t\t\t\t\t\t\t\t\t\t\t\t\t<img decoding=\"async\" class=\"lazyOwl\" src=\"https:\/\/www.hollviksnashusen.se\/wp-content\/uploads\/2022\/08\/nr6.jpg\" alt=\"nr6\">\n\t\t\t\t\t\t\t\t\t\t\t\t\n\t\t\t\t\t\t<!--Text Below Slide-->\n\t\t\t\t\t\t\t\t\t\t\t\t\n\t\t\t\t\t\t\t\t\t\t\t\t\n\t\t\t\t\t\t\t\t\t\t\t\t<!--Text Below Slide-->\n\t\t\t\t\t<\/div>\n\t\t\t\t\t\t\t\t\t\t<div class=\"sr-image\">\n\t\t\t\t\t\t\t\t\t\t\t\t\t<img decoding=\"async\" class=\"lazyOwl\" src=\"https:\/\/www.hollviksnashusen.se\/wp-content\/uploads\/2021\/12\/foto_12.jpg\" alt=\"foto_12\">\n\t\t\t\t\t\t\t\t\t\t\t\t\n\t\t\t\t\t\t<!--Text Below Slide-->\n\t\t\t\t\t\t\t\t\t\t\t\t\n\t\t\t\t\t\t\t\t\t\t\t\t\n\t\t\t\t\t\t\t\t\t\t\t\t<!--Text Below Slide-->\n\t\t\t\t\t<\/div>\n\t\t\t\t\t\t\t\t\t\t<div class=\"sr-image\">\n\t\t\t\t\t\t\t\t\t\t\t\t\t<img decoding=\"async\" class=\"lazyOwl\" src=\"https:\/\/www.hollviksnashusen.se\/wp-content\/uploads\/2021\/12\/foto_03-1.jpg\" alt=\"foto_03\">\n\t\t\t\t\t\t\t\t\t\t\t\t\n\t\t\t\t\t\t<!--Text Below Slide-->\n\t\t\t\t\t\t\t\t\t\t\t\t\n\t\t\t\t\t\t\t\t\t\t\t\t\n\t\t\t\t\t\t\t\t\t\t\t\t<!--Text Below Slide-->\n\t\t\t\t\t<\/div>\n\t\t\t\t\t\t\t\t\t\t<div class=\"sr-image\">\n\t\t\t\t\t\t\t\t\t\t\t\t\t<img decoding=\"async\" class=\"lazyOwl\" src=\"https:\/\/www.hollviksnashusen.se\/wp-content\/uploads\/2021\/12\/hus1.jpg\" alt=\"hus1\">\n\t\t\t\t\t\t\t\t\t\t\t\t\n\t\t\t\t\t\t<!--Text Below Slide-->\n\t\t\t\t\t\t\t\t\t\t\t\t\n\t\t\t\t\t\t\t\t\t\t\t\t\n\t\t\t\t\t\t\t\t\t\t\t\t<!--Text Below Slide-->\n\t\t\t\t\t<\/div>\n\t\t\t\t\t\t\t\t\t\t<div class=\"sr-image\">\n\t\t\t\t\t\t\t\t\t\t\t\t\t<img decoding=\"async\" class=\"lazyOwl\" src=\"https:\/\/www.hollviksnashusen.se\/wp-content\/uploads\/2021\/12\/foto_06.jpg\" alt=\"foto_06\">\n\t\t\t\t\t\t\t\t\t\t\t\t\n\t\t\t\t\t\t<!--Text Below Slide-->\n\t\t\t\t\t\t\t\t\t\t\t\t\n\t\t\t\t\t\t\t\t\t\t\t\t\n\t\t\t\t\t\t\t\t\t\t\t\t<!--Text Below Slide-->\n\t\t\t\t\t<\/div>\n\t\t\t\t\t\t\t\t\t\t<div class=\"sr-image\">\n\t\t\t\t\t\t\t\t\t\t\t\t\t<img decoding=\"async\" class=\"lazyOwl\" src=\"https:\/\/www.hollviksnashusen.se\/wp-content\/uploads\/2021\/12\/foto_08.jpg\" alt=\"foto_08\">\n\t\t\t\t\t\t\t\t\t\t\t\t\n\t\t\t\t\t\t<!--Text Below Slide-->\n\t\t\t\t\t\t\t\t\t\t\t\t\n\t\t\t\t\t\t\t\t\t\t\t\t\n\t\t\t\t\t\t\t\t\t\t\t\t<!--Text Below Slide-->\n\t\t\t\t\t<\/div>\n\t\t\t\t\t\t\t\t\t\t<div class=\"sr-image\">\n\t\t\t\t\t\t\t\t\t\t\t\t\t<img decoding=\"async\" class=\"lazyOwl\" src=\"https:\/\/www.hollviksnashusen.se\/wp-content\/uploads\/2021\/12\/foto_09.jpg\" alt=\"foto_09\">\n\t\t\t\t\t\t\t\t\t\t\t\t\n\t\t\t\t\t\t<!--Text Below Slide-->\n\t\t\t\t\t\t\t\t\t\t\t\t\n\t\t\t\t\t\t\t\t\t\t\t\t\n\t\t\t\t\t\t\t\t\t\t\t\t<!--Text Below Slide-->\n\t\t\t\t\t<\/div>\n\t\t\t\t\t\t\t\t\t\t<div class=\"sr-image\">\n\t\t\t\t\t\t\t\t\t\t\t\t\t<img decoding=\"async\" class=\"lazyOwl\" src=\"https:\/\/www.hollviksnashusen.se\/wp-content\/uploads\/2021\/12\/foto_10.jpg\" alt=\"foto_10\">\n\t\t\t\t\t\t\t\t\t\t\t\t\n\t\t\t\t\t\t<!--Text Below Slide-->\n\t\t\t\t\t\t\t\t\t\t\t\t\n\t\t\t\t\t\t\t\t\t\t\t\t\n\t\t\t\t\t\t\t\t\t\t\t\t<!--Text Below Slide-->\n\t\t\t\t\t<\/div>\n\t\t\t\t\t\t\t\t\t\t<div class=\"sr-image\">\n\t\t\t\t\t\t\t\t\t\t\t\t\t<img decoding=\"async\" class=\"lazyOwl\" src=\"https:\/\/www.hollviksnashusen.se\/wp-content\/uploads\/2021\/12\/foto_11.jpg\" alt=\"foto_11\">\n\t\t\t\t\t\t\t\t\t\t\t\t\n\t\t\t\t\t\t<!--Text Below Slide-->\n\t\t\t\t\t\t\t\t\t\t\t\t\n\t\t\t\t\t\t\t\t\t\t\t\t\n\t\t\t\t\t\t\t\t\t\t\t\t<!--Text Below Slide-->\n\t\t\t\t\t<\/div>\n\t\t\t\t\t\t\t\t\t\t<div class=\"sr-image\">\n\t\t\t\t\t\t\t\t\t\t\t\t\t<img decoding=\"async\" class=\"lazyOwl\" src=\"https:\/\/www.hollviksnashusen.se\/wp-content\/uploads\/2022\/08\/vatsa.jpg\" alt=\"vatsa\">\n\t\t\t\t\t\t\t\t\t\t\t\t\n\t\t\t\t\t\t<!--Text Below Slide-->\n\t\t\t\t\t\t\t\t\t\t\t\t\n\t\t\t\t\t\t\t\t\t\t\t\t\n\t\t\t\t\t\t\t\t\t\t\t\t<!--Text Below Slide-->\n\t\t\t\t\t<\/div>\n\t\t\t\t\t\t\t\t\t\t<div class=\"sr-image\">\n\t\t\t\t\t\t\t\t\t\t\t\t\t<img decoding=\"async\" class=\"lazyOwl\" src=\"https:\/\/www.hollviksnashusen.se\/wp-content\/uploads\/2022\/08\/bat.jpg\" alt=\"b\u00e5t\">\n\t\t\t\t\t\t\t\t\t\t\t\t\n\t\t\t\t\t\t<!--Text Below Slide-->\n\t\t\t\t\t\t\t\t\t\t\t\t\n\t\t\t\t\t\t\t\t\t\t\t\t\n\t\t\t\t\t\t\t\t\t\t\t\t<!--Text Below Slide-->\n\t\t\t\t\t<\/div>\n\t\t\t\t\t\t\t\t\t\t<div class=\"sr-image\">\n\t\t\t\t\t\t\t\t\t\t\t\t\t<img decoding=\"async\" class=\"lazyOwl\" src=\"https:\/\/www.hollviksnashusen.se\/wp-content\/uploads\/2022\/08\/hamn.jpg\" alt=\"hamn\">\n\t\t\t\t\t\t\t\t\t\t\t\t\n\t\t\t\t\t\t<!--Text Below Slide-->\n\t\t\t\t\t\t\t\t\t\t\t\t\n\t\t\t\t\t\t\t\t\t\t\t\t\n\t\t\t\t\t\t\t\t\t\t\t\t<!--Text Below Slide-->\n\t\t\t\t\t<\/div>\n\t\t\t\t\t\t\t\t\t\t<div class=\"sr-image\">\n\t\t\t\t\t\t\t\t\t\t\t\t\t<img decoding=\"async\" class=\"lazyOwl\" src=\"https:\/\/www.hollviksnashusen.se\/wp-content\/uploads\/2022\/08\/broendsa.jpg\" alt=\"broendsa\">\n\t\t\t\t\t\t\t\t\t\t\t\t\n\t\t\t\t\t\t<!--Text Below Slide-->\n\t\t\t\t\t\t\t\t\t\t\t\t\n\t\t\t\t\t\t\t\t\t\t\t\t\n\t\t\t\t\t\t\t\t\t\t\t\t<!--Text Below Slide-->\n\t\t\t\t\t<\/div>\n\t\t\t\t\t\t\t\t\t\t<div class=\"sr-image\">\n\t\t\t\t\t\t\t\t\t\t\t\t\t<img decoding=\"async\" class=\"lazyOwl\" src=\"https:\/\/www.hollviksnashusen.se\/wp-content\/uploads\/2022\/08\/strand.jpg\" alt=\"strand\">\n\t\t\t\t\t\t\t\t\t\t\t\t\n\t\t\t\t\t\t<!--Text Below Slide-->\n\t\t\t\t\t\t\t\t\t\t\t\t\n\t\t\t\t\t\t\t\t\t\t\t\t\n\t\t\t\t\t\t\t\t\t\t\t\t<!--Text Below Slide-->\n\t\t\t\t\t<\/div>\n\t\t\t\t\t\t\t\t\t\t<div class=\"sr-image\">\n\t\t\t\t\t\t\t\t\t\t\t\t\t<img decoding=\"async\" class=\"lazyOwl\" src=\"https:\/\/www.hollviksnashusen.se\/wp-content\/uploads\/2022\/08\/tugg.jpg\" alt=\"tugg\">\n\t\t\t\t\t\t\t\t\t\t\t\t\n\t\t\t\t\t\t<!--Text Below Slide-->\n\t\t\t\t\t\t\t\t\t\t\t\t\n\t\t\t\t\t\t\t\t\t\t\t\t\n\t\t\t\t\t\t\t\t\t\t\t\t<!--Text Below Slide-->\n\t\t\t\t\t<\/div>\n\t\t\t\t\t\t\t\t\t\t<div class=\"sr-image\">\n\t\t\t\t\t\t\t\t\t\t\t\t\t<img decoding=\"async\" class=\"lazyOwl\" src=\"https:\/\/www.hollviksnashusen.se\/wp-content\/uploads\/2022\/08\/tugg2.jpg\" alt=\"tugg2\">\n\t\t\t\t\t\t\t\t\t\t\t\t\n\t\t\t\t\t\t<!--Text Below Slide-->\n\t\t\t\t\t\t\t\t\t\t\t\t\n\t\t\t\t\t\t\t\t\t\t\t\t\n\t\t\t\t\t\t\t\t\t\t\t\t<!--Text Below Slide-->\n\t\t\t\t\t<\/div>\n\t\t\t\t\t\t\t<\/div>\n\t\t\n<p>&nbsp;<\/p>\n<p>&nbsp;<\/p>\n<p>&nbsp;<\/p>\n","protected":false},"excerpt":{"rendered":"<p>Fakta om f\u00f6reningen BRF H\u00f6llviksn\u00e4shusen \u00e4r en\u00a0\u00e4kta bostadsr\u00e4ttsf\u00f6rening\u00a0i\u00a0H\u00f6llviken,\u00a0Vellinge\u00a0som \u00e4ger 1 fastighet\u00a0med\u00a011\u00a0bostadsr\u00e4ttsl\u00e4genheter\u00a0p\u00e5\u00a0adressen\u00a0R\u00e4lsv\u00e4gen 6. Brf H\u00f6llviksn\u00e4shusen \u00e4r en v\u00e4lsk\u00f6tt bostadsr\u00e4ttsf\u00f6rening bel\u00e4gen i den natursk\u00f6na och popul\u00e4ra kommunen Vellinge, n\u00e4ra H\u00f6llviksn\u00e4s. Byggnaderna pr\u00e4glas av modern arkitektur och h\u00e5llbara materialval som s\u00e4kerst\u00e4ller b\u00e5de funktionalitet och estetik. F\u00f6reningen har, genom sitt engagerade styrelsearbete och l\u00e5ngsiktiga planering, \u00e5stadkommit ett stabilt ekonomiskt &#8230; <a title=\"Brf H\u00f6llviksn\u00e4shusen\" class=\"read-more\" href=\"https:\/\/www.hollviksnashusen.se\/index.php\/slider_responsive\/brf-hollviksnashusen\/\" aria-label=\"L\u00e4s mer om Brf H\u00f6llviksn\u00e4shusen\">L\u00e4s mer<\/a><\/p>\n","protected":false},"author":1,"featured_media":0,"parent":0,"menu_order":0,"comment_status":"closed","ping_status":"closed","template":"","meta":{"iawp_total_views":514,"footnotes":""},"class_list":["post-36","page","type-page","status-publish","hentry"],"_links":{"self":[{"href":"https:\/\/www.hollviksnashusen.se\/index.php\/wp-json\/wp\/v2\/pages\/36","targetHints":{"allow":["GET"]}}],"collection":[{"href":"https:\/\/www.hollviksnashusen.se\/index.php\/wp-json\/wp\/v2\/pages"}],"about":[{"href":"https:\/\/www.hollviksnashusen.se\/index.php\/wp-json\/wp\/v2\/types\/page"}],"author":[{"embeddable":true,"href":"https:\/\/www.hollviksnashusen.se\/index.php\/wp-json\/wp\/v2\/users\/1"}],"replies":[{"embeddable":true,"href":"https:\/\/www.hollviksnashusen.se\/index.php\/wp-json\/wp\/v2\/comments?post=36"}],"version-history":[{"count":0,"href":"https:\/\/www.hollviksnashusen.se\/index.php\/wp-json\/wp\/v2\/pages\/36\/revisions"}],"wp:attachment":[{"href":"https:\/\/www.hollviksnashusen.se\/index.php\/wp-json\/wp\/v2\/media?parent=36"}],"curies":[{"name":"wp","href":"https:\/\/api.w.org\/{rel}","templated":true}]}}