{"id":862,"date":"2022-07-10T13:38:46","date_gmt":"2022-07-10T11:38:46","guid":{"rendered":"https:\/\/www.hollviksnashusen.se\/?page_id=862"},"modified":"2022-12-10T13:08:55","modified_gmt":"2022-12-10T12:08:55","slug":"laddstolper","status":"publish","type":"page","link":"https:\/\/www.hollviksnashusen.se\/index.php\/laddstolper\/","title":{"rendered":"Laddstolpar"},"content":{"rendered":"<div class=\"members-access-error\">Tyv\u00e4rr, men du har inte beh\u00f6righet att se det h\u00e4r inneh\u00e5llet, V\u00e4nligen logga in f\u00f6rst.<\/div>\n","protected":false},"excerpt":{"rendered":"<div class=\"members-access-error\">Tyv\u00e4rr, men du har inte beh\u00f6righet att se det h\u00e4r inneh\u00e5llet, V\u00e4nligen logga in f\u00f6rst.<\/div>\n","protected":false},"author":1,"featured_media":0,"parent":0,"menu_order":0,"comment_status":"closed","ping_status":"closed","template":"","meta":{"iawp_total_views":0,"footnotes":""},"class_list":["post-862","page","type-page","status-publish"],"_links":{"self":[{"href":"https:\/\/www.hollviksnashusen.se\/index.php\/wp-json\/wp\/v2\/pages\/862","targetHints":{"allow":["GET"]}}],"collection":[{"href":"https:\/\/www.hollviksnashusen.se\/index.php\/wp-json\/wp\/v2\/pages"}],"about":[{"href":"https:\/\/www.hollviksnashusen.se\/index.php\/wp-json\/wp\/v2\/types\/page"}],"author":[{"embeddable":true,"href":"https:\/\/www.hollviksnashusen.se\/index.php\/wp-json\/wp\/v2\/users\/1"}],"replies":[{"embeddable":true,"href":"https:\/\/www.hollviksnashusen.se\/index.php\/wp-json\/wp\/v2\/comments?post=862"}],"version-history":[{"count":0,"href":"https:\/\/www.hollviksnashusen.se\/index.php\/wp-json\/wp\/v2\/pages\/862\/revisions"}],"wp:attachment":[{"href":"https:\/\/www.hollviksnashusen.se\/index.php\/wp-json\/wp\/v2\/media?parent=862"}],"curies":[{"name":"wp","href":"https:\/\/api.w.org\/{rel}","templated":true}]}}