{"id":887,"date":"2022-07-15T15:29:33","date_gmt":"2022-07-15T13:29:33","guid":{"rendered":"https:\/\/www.hollviksnashusen.se\/?page_id=887"},"modified":"2026-02-08T19:36:07","modified_gmt":"2026-02-08T18:36:07","slug":"887-2","status":"publish","type":"page","link":"https:\/\/www.hollviksnashusen.se\/index.php\/887-2\/","title":{"rendered":"Utemilj\u00f6 &#038; Tr\u00e4dg\u00e5rdsgruppe !"},"content":{"rendered":"<div class=\"members-access-error\">Tyv\u00e4rr, men du har inte beh\u00f6righet att se det h\u00e4r inneh\u00e5llet, V\u00e4nligen logga in f\u00f6rst.<\/div>\n","protected":false},"excerpt":{"rendered":"<div class=\"members-access-error\">Tyv\u00e4rr, men du har inte beh\u00f6righet att se det h\u00e4r inneh\u00e5llet, V\u00e4nligen logga in f\u00f6rst.<\/div>\n","protected":false},"author":1,"featured_media":0,"parent":0,"menu_order":0,"comment_status":"closed","ping_status":"closed","template":"","meta":{"iawp_total_views":4,"footnotes":""},"class_list":["post-887","page","type-page","status-publish"],"_links":{"self":[{"href":"https:\/\/www.hollviksnashusen.se\/index.php\/wp-json\/wp\/v2\/pages\/887","targetHints":{"allow":["GET"]}}],"collection":[{"href":"https:\/\/www.hollviksnashusen.se\/index.php\/wp-json\/wp\/v2\/pages"}],"about":[{"href":"https:\/\/www.hollviksnashusen.se\/index.php\/wp-json\/wp\/v2\/types\/page"}],"author":[{"embeddable":true,"href":"https:\/\/www.hollviksnashusen.se\/index.php\/wp-json\/wp\/v2\/users\/1"}],"replies":[{"embeddable":true,"href":"https:\/\/www.hollviksnashusen.se\/index.php\/wp-json\/wp\/v2\/comments?post=887"}],"version-history":[{"count":2,"href":"https:\/\/www.hollviksnashusen.se\/index.php\/wp-json\/wp\/v2\/pages\/887\/revisions"}],"predecessor-version":[{"id":2825,"href":"https:\/\/www.hollviksnashusen.se\/index.php\/wp-json\/wp\/v2\/pages\/887\/revisions\/2825"}],"wp:attachment":[{"href":"https:\/\/www.hollviksnashusen.se\/index.php\/wp-json\/wp\/v2\/media?parent=887"}],"curies":[{"name":"wp","href":"https:\/\/api.w.org\/{rel}","templated":true}]}}